{"id":53,"date":"2017-01-25T16:47:22","date_gmt":"2017-01-25T16:47:22","guid":{"rendered":"http:\/\/queimadaediciones.es\/?page_id=53"},"modified":"2017-11-27T14:08:28","modified_gmt":"2017-11-27T13:08:28","slug":"distribuidores","status":"publish","type":"page","link":"https:\/\/www.queimadaediciones.es\/index.php\/distribuidores\/","title":{"rendered":"Distribuidores"},"content":{"rendered":"<p><strong>Donde encontrar nuestros libros<\/strong><br \/>\n<strong>DISTRIBUIDORES<\/strong><\/p>\n<p>TRAFICANTES DE SUE\u00d1OS &#8211; C\/Duque de Alba 13 Bajo, 28012 Madrid &#8211; 911 8577 73 distribuidora@traficantes.net<\/p>\n<p>Ixorai Llibres, S.L. Tel.: 93 436 16 73 Olzinelles, 5, interior, bajos 1.\u00aa 08014 Barcelona <a href=\"http:\/\/www.ixorai-llibres.com\" target=\"_blank\">www.ixorai-llibres.com<\/a>LAMALATESTA &#8211; C\/ Jes\u00fas y Mar\u00eda, 24, 28012, Madrid. &#8211; 915391007 &#8211;\u00a0 info@lamalatesta.net<br \/>\nCAMBALACHE &#8211; c\/ Martinez Vigil, 30 bajo. 33010 &#8211;\u00a0\u00a0 Oviedo &#8211; 985202292 &#8211;\u00a0\u00a0\u00a0\u00a0\u00a0\u00a0\u00a0\u00a0 cambalache@localcambalache.org<br \/>\nL&#8217;EIXAM &#8211; Avda Ausias March 38, 46016 Tavernes Blanques, Valencia &#8211; 96 185 43 14 -info@eixamedicions.com<br \/>\n\u00cdCARO &#8211; Pol\u00edgono El Plano, calle A, nave 39; 50430 Mar\u00eda de Huerva (Zaragoza)\u00a0\u00a0\u00a0\u00a0\u00a0\u00a0\u00a0 &#8211; 976126333 &#8211; icaro@icaro.es<\/p>\n<p><strong>LIBRER\u00cdAS<\/strong><\/p>\n<p><strong>ASTURIAS<\/strong><\/p>\n<p>LIBRER\u00cdA PARADISO &#8211; C\/ Merced, 28 &#8211; 33201 Gij\u00f3n, Asturias &#8211; 985341880 &#8211; libreriaparadiso@telecable.es<br \/>\nLIBRER\u00cdA CENTRAL &#8211; C\/ San Bernardo, 31 &#8211; 33201 Gij\u00f3n, Asturias &#8211; 985170080 &#8211; libreria@libroscentral.com<br \/>\nLIBRER\u00cdA LA PILARICA \u2013 C\/ 12 de Octubre, 40 \u2013 33600 Mieres, Asturias \u2013 985467029 \u2013 libpilarica@librerialapilarica.com<br \/>\nCENTRO SOCIAL SESTAFERIA &#8211; C\/ Alonso Bonet, 7 &#8211; Gij\u00f3n, Asturia<\/p>\n<p><strong>MADRID<\/strong><\/p>\n<p>A DIFFERENT LIFE Pelayo,30 28004 MADRID 915329652 Fax:915329652 lifegay@lifegay.com <a href=\"http:\/\/www.lifegay.com\">http:\/\/www.lifegay.com<\/a><br \/>\nALHAKAM Virgen de Nuria,7 28027 MADRID 3266498 alhakam@infonegocio.com <a href=\"http:\/\/www.infonegocio.com\/alhakam\">http:\/\/www.infonegocio.com\/alhakam<\/a><br \/>\nALIANA General Varela,6 28020 MADRID 5557302 aliana@alianagastronomia.com <a href=\"http:\/\/www.alianagastronomia.com\/\">http:\/\/www.alianagastronomia.com\/<\/a><br \/>\nANTONIO MACHADO C\u00cdRCULO Marqu\u00e9s de Casa Riera, 2. 28014 Madrid 915237066 web@machadolibros.com<br \/>\nANTONIO MACHADO C\/ Fernando VI, 17 , 6. 28004 Madrid 913190594 libreria@machadolibros.com <a href=\"http:\/\/www.machadolibros.com\">http:\/\/www.machadolibros.com<\/a><br \/>\nARGENTINA Andr\u00e9s Mellado,46 28015 MADRID 915434781 libreria@libreriaargentina.com <a href=\"http:\/\/www.libreria-argentina.es\/org\">http:\/\/www.libreria-argentina.es\/org<\/a><br \/>\nARREBATO C\/ La Palma, 21. 28004 Madrid 912821111 arrebato@arrebatolibros.com <a href=\"http:\/\/www.arrebatolibros.com\">www.arrebatolibros.com<\/a><br \/>\nAUREA Almansa 3 bajo Interior 28039 MADRID 915335818 Fax: 915335818 aurea@libreriaaurea.com <a href=\"http:\/\/www.libreriaaurea.com\">http:\/\/www.libreriaaurea.com<\/a><br \/>\nAXON Raimundo Lulio 1 28010 MADRID 5939999 Fax: 4482188 se.noxa@noxa http:\/\/www.axon.es<br \/>\nBAJO EL VOLC\u00c1N C\/ Ave Mar\u00eda, 42. 28012 Madrid 912502121 info@bajoelvolcan.es <a href=\"http:\/\/www.bajoelvolcan.es\">www.bajoelvolcan.es<\/a><br \/>\nBERKANA C\/Hortaleza, 62. 28004 Madrid 915225599 berkana@libreriaberkana.com <a href=\"http:\/\/www.libreriaberkana.com\">http:\/\/www.libreriaberkana.com<\/a><br \/>\nBURMA C\/ Ave Mar\u00eda, 18. 28012 Madrid 915748354 libreriaburma@yahoo.es <a href=\"http:\/\/www.libreriaburma.es\">www.libreriaburma.es<\/a><br \/>\nC.E.L.E.S.A. Laurel,21 28005 MADRID 915170170 Fax: 915173481 celesa@celesa.com <a href=\"http:\/\/www.celesa.es\">http:\/\/www.celesa.es<\/a><br \/>\nCALATRAVA C\/ Bravo Murillo, 85. 28003 Madrid 913653626 libreria.calatrava@fliedner.org <a href=\"http:\/\/www.libreriacalatrava.com\">www.libreriacalatrava.com<\/a><br \/>\nCASA DE LA TROYA Libreros 6 28004 MADRID libroslatroya@gmail.com<br \/>\nCASA DEL LIBRO Gran V\u00eda 29 28013 Madrid granvia@casadellibro.com <a href=\"http:\/\/casadellibro.com\">http:\/\/casadellibro.com<\/a><br \/>\nCASETA DE LA MUSICA Claudio Moyano,25 28014 MADRID caseta25@hotmail.com<br \/>\nCIVITAS General Pardi\u00f1as,24 28001 MADRID 915781594 libreria@civitas.es <a href=\"http:\/\/www.civitas.es\">http:\/\/www.civitas.es<\/a><br \/>\nCRISOL JUAN BRAVO 38 28006 MADRID 914238280 sac@crisol.es http:\/\/www.crisol.es<br \/>\nDE LA FILMOTECA Santa Isabel 3 (Cine Dore) 28004 MADRID 913694673 labuenavida@cafedellibro.es<br \/>\nDELSA Serrano,80 28006 MADRID 915751541 Fax: 915782811 delsa@troa.es <a href=\"http:\/\/www.troa.es\">http:\/\/www.troa.es<\/a><br \/>\nDIAZ DE SANTOS S.A. C\/ Albasanz, 2. 28037 Madrid 917434890 librerias@diazdesantos.es<br \/>\nDIJUSA Conde de Serrallo,13 28029 MADRID 913231966 Fax: 913149307 dijusa@dijusa.es <a href=\"http:\/\/www.dijusa.es\">http:\/\/www.dijusa.es<\/a><br \/>\nDIWAN Joaqu\u00edn Maria L\u00f3pez,70 28015 MADRID 915500642 Fax: 915497206 libreria@diwan.es <a href=\"http:\/\/www.diwan.es\">http:\/\/www.diwan.es<\/a><br \/>\nDON LIBRO Andr\u00e9s Mellado,29 28015 MADRID 915447070 Fax: 915494610 info@donlibro.net<br \/>\nDYKINSON LIBROS Mel\u00e9ndez Vald\u00e9s,61 28015 MADRID 915442846 info@dykinson.com <a href=\"http:\/\/www.dykinson.com\">http:\/\/www.dykinson.com<\/a><br \/>\nECOBOOK L. DEL ECONOMISTA Cristo,3 28015 MADRID 5595130 Fax: 915595072 ecobook@ecobook.cOm<a href=\"http:\/\/www.ecobook.com\"> http:\/\/www.ecobook.com<\/a><br \/>\nEL ALEPH LIBROS Ferraz,22 28008 MADRID 915425039 Fax: 915425039 elalephlibros@hotmail.com<br \/>\nEL ARGONAUTA Blasco de Garay,47 28015 MADRID 915439441 Fax: 915439474 jesus.gil@elargonauta.com <a href=\"http:\/\/www.elargonauta.com\/\">http:\/\/www.elargonauta.com\/<\/a><br \/>\nEL BUSC\u00d3N C\/ Cardenal Siliceo, 8. 28002 Madrid 914130132 elbuscon@elbuscon.es<a href=\"http:\/\/www.elbuscon.es\"> http:\/\/www.elbuscon.es<\/a><br \/>\nEL TRANVIA Avda. Gral Per\u00f3n,40 28020 MADRID 5562323 Fax: 5568887 pedidos@libreriaeltranvia.com <a href=\"http:\/\/www.libreriaeltranvia.com\">http:\/\/www.libreriaeltranvia.com<\/a><br \/>\nENCLAVE DE LIBROS C\/ Relatores, 16. 28012 Madrid 913694649 enclavedelibros@hotmail.com<br \/>\nESCOLAR Y MAYO, Fac. Sociolog\u00eda Factad de Cs. Pol\u00edticas \u2013 U.Compl. 28023 (Somosaguas) Madrid libreria@escolarymayo.com<br \/>\nESM LIBRERIA DEPORTIVA Paz,4 28012MADRID 915213868 Fax: 915227873 info@libreriadeportiva.com <a href=\"http:\/\/www.libreriadeportiva.com\">http:\/\/www.libreriadeportiva.com<\/a><br \/>\nFACULTAD DE DERECHO CIUDAD UNIVERSITARIA 28040 MADRID 913945417 editder@der.ucm.es<br \/>\nFUENTETAJA San Bernardo,35 28015 MADRID fuentetaja@expocenter.com <a href=\"http:\/\/www.fuentetaja.es\">http:\/\/www.fuentetaja.es<\/a><br \/>\nGAUDI Argensola,13 28004 MADRID 913081829 Info@libreriagaudi. <a href=\"http:\/\/www.libreriagaudi.com\/\">http:\/\/www.libreriagaudi.com\/<\/a><br \/>\nHIPERI\u00d3N Salustiano Olozaga,14 28001 MADRID 915776016 info@hiperion.com <a href=\"http:\/\/www.hiperion.com\">http:\/\/www.hiperion.com<\/a><br \/>\nIBEROAMERICANA C\/ Amor de Dios, 1. 28014 Madrid 914293522 libreria@iberoamericanalibros.com<br \/>\nINTERCODEX Hortaleza,34 28004 MADRID 915232222 Fax: 915231219 intercodex@editorialreus.es <a href=\"http:\/\/www.intercodex.com\">http:\/\/www.intercodex.com<\/a><br \/>\nINTERNACIONAL ROMO Duque de Sesto,48 28009 MADRID 915741415 Fax: 915735080 internacionalromo@terra.es <a href=\"http:\/\/www.internacionalromo.es\">http:\/\/www.internacionalromo.es<\/a><br \/>\nJURIDICA LEX NOVA Marques de la Ensenada,4 28004 MADRID 913195610 Fax: 913190229 admin@librerialexnova.com <a href=\"http:\/\/www.juridica.lexnova.es\">http:\/\/www.juridica.lexnova.es<\/a><br \/>\nLA BUENA VIDA (OJO est\u00e1n cambiando de local) C\/ Vergara, 10. 28013 Madrid 609052019 labuenavida@cafedellibro.es<br \/>\nLA CENTRAL DEL MUSEO REINA SOFIA Ronda de Atocha, 2. 28012 Madrid 902884990 info@lacentral.com<br \/>\nLA ESQUINA DEL ZORRO C\/ Arroyo del olivar, 34. 28053 Madrid 911760555 contacto@librerialaesquinadelzorro.com <a href=\"http:\/\/www.librerialaesquinadelzorro.com\">http:\/\/www.librerialaesquinadelzorro.com<\/a><br \/>\nLA FRUSLER\u00cdA. Mer. de San Fernando C\/Embajadores, 41, 28012 Madrid p. 63-64 644386041 lafrusleria@gmail.com<br \/>\nLA FUGITIVAC\/ Santa Isabel, 7. 28012 Madrid 914682453 info@lafugitiva.es <a href=\"http:\/\/www.lafugitiva.es\">www.lafugitiva.es<\/a><br \/>\nLA MAR DE LETRAS (Infantil juvenil) C\/ Santiago, 18. 28013 Madrid 915417109 contacto@lamardeletras.com<br \/>\nLA MARABUNTA C\/ Torrecilla del Leal, 32. 28012 Madrid 915305555 libreria@lamarabunta.info<br \/>\nLA ORIENTAL C\/ Mira el Sol, 14. 28005 Madrid 915286726 info@libreriaoriental.com <a href=\"http:\/\/www.libreriaoriental.com\">www.libreriaoriental.com<\/a><br \/>\nLA TARDE C\/ Ruiz, 15. 28004 Madrid 915938163 latardelibros@yahoo.es <a href=\"http:\/\/www.latardelibros.com\">http:\/\/www.latardelibros.com<\/a><br \/>\nA TIENDA VERDE Maudes,38 28003 MADRID 915330791 info@tiendaverde.org <a href=\"http:\/\/www.tiendaverde.org\">http:\/\/www.tiendaverde.org<\/a><br \/>\nLA MALATESTA C\/ Jes\u00fas y Mar\u00eda, 24, 28012, Madrid. 915391007 info@lamalatesta.net <a href=\"http:\/\/www.lamalatesta.net\">http:\/\/www.lamalatesta.net<\/a><br \/>\nIBRERIA DE TEATRO \u00d1AQUE LA AVISPA San Mateo,30 28004 MADRID 913080018 Fax: 913080018 naque@naque.es <a href=\"http:\/\/www.libreriadeteatro.com\">http:\/\/www.libreriadeteatro.com<\/a><br \/>\nLICITEC Joaqu\u00edn Maria L\u00f3pez,28 28015 MADRID 915491297 Fax: 915490692 libreria@licitec.c.telefonica.net<br \/>\nMAIREA Avda. Juan de Herrera,4 28040 MADRID 5493538 Fax: 5492590 info@mairea-libros.com <a href=\"http:\/\/www.mairea-libros.com\">http:\/\/www.mairea-libros.com<\/a><br \/>\nMARCIAL PONS C\/ San Sotero, 6. 28037 Madrid 913085649 mgil@marcialpons.es <a href=\"http:\/\/www.marcialpons.es\">http:\/\/www.marcialpons.es<\/a><br \/>\nMARCIAL PONS \u201cECONOM\u00cdA\u201d Plaza de las Salesas,10 28004 MADRID 913085649 Fax: 913086030 economia@marcialpons.es <a href=\"http:\/\/www.marcialpons.es\">http:\/\/www.marcialpons.es<\/a><br \/>\nMARCIAL PONS \u00abHUMANIDADES\u00bb\u00a0 Plaza del Conde del Valle de Suchil, 8. 28015 Madrid 914484797 jmandi@marcialpons.es <a href=\"http:\/\/www.marcialpons.es\">http:\/\/www.marcialpons.es<\/a><br \/>\nMEDITECNICA Vallehermoso,104 28003 MADRID 915548276 Fax: 915541050 meditecnica@mundivia.es <a href=\"http:\/\/www.meditecnica.es\">http:\/\/www.meditecnica.es<\/a><br \/>\nMENDEZ Mayor,18 28013 MADRID 913664141 libreriamendez@telefonica.net <a href=\"http:\/\/www.libreriamendez.net\">http:\/\/www.libreriamendez.net<\/a><br \/>\nMIRAGUANO C\/ Hermosilla,104. 28009 Madrid 914016990 miraguano@miraguano-sa.es <a href=\"http:\/\/www.miraguano-sa.es\">http:\/\/www.miraguano-sa.es<\/a><br \/>\nMONCLOA Mel\u00e9ndez Vald\u00e9s,65 28015 MADRID 5440482 info@libreriamoncloa.com <a href=\"http:\/\/www.libreriamoncloa.com\">http:\/\/www.libreriamoncloa.com<\/a><br \/>\nMUGA C\/ Pablo Neruda, 89 Local 6. 28038 Madrid 915079084 info@publimuga.com <a href=\"http:\/\/www.publimuga.com\">http:\/\/www.publimuga.com<\/a><br \/>\nMUJERES C\/ San Cristobal, 17. 28013 Madrid 915217043 libreriamujeres@unapalabraotra.org <a href=\"http:\/\/www.unapalabraotra.org\">http:\/\/www.unapalabraotra.org<\/a><br \/>\nMUJERES &amp;Co\u00a0 C\/ de la Uni\u00f3n, 4. 28013 Madrid 910145344 info@mujeresycialibreria.net<br \/>\nMUNDI PRENSA Castell\u00f3,37 28001 MADRID 914363700 Fax: 915753998 info@paraninfo.es <a href=\"http:\/\/www.mundiprensa.com\/\">http:\/\/www.mundiprensa.com\/<\/a><br \/>\nNAOS Quintana,12 28008 MADRID 5473916 Fax: 5595292 naos@naoslibros.es <a href=\"http:\/\/www.naoslibros.es\">http:\/\/www.naoslibros.es<\/a><br \/>\nNICOLAS MOYA Carretas,29 28012 MADRID 915225294 Fax: 915213214 contacto@librerianicolasmoya.com <a href=\"http:\/\/www.librerianicolasmoya.com\">http:\/\/www.librerianicolasmoya.com<\/a><br \/>\nOCHO Y MEDIO C\/ Mart\u00edn de los Heros, 11. 28008 Madrid 915590628 bookshop@ochoymedio.com<a href=\"http:\/\/www.ochoymedio.com\"> http:\/\/www.ochoymedio.com<\/a><br \/>\nOMM Campus Libros Universidad Aut\u00f3noma &#8211; Cantoblanco 28049 Madrid 914974994 libreria@uam.es<br \/>\nPARADOX C\/ Santa Teresa, 2. 28004 Madrid 917004040 paradox@paradox.es <a href=\"http:\/\/www.paradox.es\">http:\/\/www.paradox.es<\/a><br \/>\nPASAJES C\/ G\u00e9nova, 3. 28004 Madrid 913101245 libreria@pasajes.com <a href=\"http:\/\/www.pasajeslibros.com\">http:\/\/www.pasajeslibros.com<\/a><br \/>\nPEDAGOGICA Santa Engracia,143 28003 MADRID 915546232 pedagogica@libreriapedagogica.com http:\/\/www.libreriapedagogica.com<br \/>\nPOLIFEMO Avenida de Bruselas,44 28028 MADRID 917257101 Fax: 913556811 libros@polifemo.com <a href=\"http:\/\/www.polifemo.com\">http:\/\/www.polifemo.com<\/a><br \/>\nRAFAEL ALBERTI C\/ Tutor, 57. 28008 Madrid 915443370 info@libreriaalberti.com <a href=\"http:\/\/www.libreriaalberti.com\">http:\/\/www.libreriaalberti.com<\/a><br \/>\nRENO Montele\u00f3n,14 28004 MADRID 914457557 Fax: 915942293 libreriareno@libreriareno.com<a href=\"http:\/\/www.libreriareno.com\"> http:\/\/www.libreriareno.com<\/a><br \/>\nROBINSON NAUTICA B\u00e1rbara de Braganza,10 28004 MADRID 3084872 Fax: 3199255 robinson@nauticarobinson.com <a href=\"http:\/\/www.nauticarobinson.com\">http:\/\/www.nauticarobinson.com<\/a><br \/>\nSIN TARIMA C\/ Pr\u00edncipe, 9.28012 Madrid 91203765 info@sintarima.es<br \/>\nOLOCHEK Avda. Ventisquero Condesa,20 28035 MADRID 913784104 Fax: 913784062 info@solochek.com<br \/>\nTIPOS INFAMES C\/ San Joaquin 3, bajo izq. 28004 Madrid 915228939 librosyvinos@tiposinfames.com<a href=\"http:\/\/www.tiposinfames.com\"> http:\/\/www.tiposinfames.com<\/a><br \/>\nTRAFICANTES DE SUE\u00d1OS C\/ Embajadores 35, local 6. 28012 Madrid 915320928 librer\u00eda@traficantes.net <a href=\"http:\/\/www.traficantes.net\">http:\/\/www.traficantes.net<\/a><br \/>\nTRIBUNA Cardenal Cisneros,80 28010 MADRID 5944441 Fax: 5944054 tribuna@tribuna.jazztel.es <a href=\"http:\/\/www.tribunalibros.com\">http:\/\/www.tribunalibros.com<\/a><br \/>\nUNIVERSIDAD PONTIFICIA COMILLAS Universidad de Comillas 5 28049 CANTOBLANCO &#8211; MADRID 917343950 lib@libreria.upcomillas.es<br \/>\nVENIR A CUENTO ( Infantil y juvenil) C\/ Embajadores, 29 &#8211; Local 1. 28012 Madrid 911739143 info@veniracuento.com<br \/>\nVISOR &#8211; C\/ Isaac Peral, 18. 28015 Madrid 915492655 visor-libros@visor-libros.com <a href=\"http:\/\/www.visor-libros.com\">http:\/\/www.visor-libros.com<\/a><\/p>\n<p><strong>COMUNIDAD DE MADRID<\/strong><\/p>\n<p>LIBRER\u00cdA COSMOS &#8211; C\/ Mayor, 101 &#8211; 28922 Alcorc\u00f3n, Madrid<br \/>\nLIBRER\u00cdA VIZCAYA &#8211; C\/ Vizcaya, 2 &#8211; 28922 Alcorc\u00f3n, Madrid &#8211; 916441141<br \/>\nLIBRER\u00cdA DI\u00d3GENES &#8211; C\/ Mayor, 7 &#8211; 28801 Alcal\u00e1 de Henares, Madrid &#8211; 918893767 &#8211; info@libreriadiogenes.com<br \/>\nLIBRER\u00cdA ROSSINA &#8211; C\/ Luis de Madrona s\/n &#8211; 28805 Alcal\u00e1 de Henares,Madrid &#8211; 670 681 718 &#8211; federicoeguia@yahoo.es<br \/>\nLIBRER\u00cdA ALCAL\u00c1-AZA\u00d1A &#8211; Librer\u00eda on-line &#8211; Atenci\u00f3n al cliente &#8211; 949048374 -Alcal\u00e1 de Henares, Madrid<br \/>\nDELIRIO Avda. Dos de Mayo 27, Local 25. 28934 M\u00f3stoles 916131991 deliriocomics@hotmail.es <a href=\"http:\/\/delirioenlaweb.wordpress.com\">http:\/\/delirioenlaweb.wordpress.com<\/a><br \/>\nEL RINC\u00d3N LENTO, tienda solidaria C\/ Cronista Juan Catalina, 5. 19001 Guadalajara 949235085 elrinconlento@gmail.com <a href=\"http:\/\/www.elrinconlento.org\">www.elrinconlento.org<\/a><br \/>\nFUENFR\u00cdA Avda. Sierra del Guadarrama, 9. 28470 Cercedilla 918521069 librosfuenfria@gmail.com<a href=\"http:\/\/www.fuenfria.blogspot.com.es\/\"> http:\/\/www.fuenfria.blogspot.com.es\/<\/a><br \/>\nIPLACEA EDYLIB Escuelas,5 28801 ALCALA DE HENARES 8871161 Fax: 8871281 iplacea@telefonica.net<br \/>\nLA LIBRE DEL BARRIO LIBRER\u00cdA C\/ de Villaverde, 4. 28912 Legan\u00e9s 912272952 lalibredebarrio@gmail.com <a href=\"http:\/\/www.lalibredebarrio.com\">www.lalibredebarrio.com<\/a><br \/>\nUNIVERSIDAD EUROPEA DE MADRID Tajo S\/N * Urban. El Bosque 28670 VILLAVICIOSA DE ODON 916647800*247 Fax: 916647843\u00a0 biblioteca@uem.es<\/p>\n<p><strong>CATALU\u00d1A<\/strong><\/p>\n<p>VIRUS DISTRIBUCI\u00d3N &#8211; CC\u2044 Junta de Comer\u00e7, 18 bajos &#8211; 08001 Barcelona &#8211; 93 441 38 14 &#8211; info@viruseditorial.net<br \/>\nLLIBRERIA HERRERO &#8211; C\/ Proven\u00e7a, 140 &#8211; 08028 Barcelona &#8211; 93 451 43 93 &#8211; amparo@libreriaherrero.es<\/p>\n<p><strong>ARAG\u00d3N<\/strong><\/p>\n<p>LA LIBRER\u00cdA DE CAZARABET &#8211; C\/ Plana Sancho, 17 &#8211; 44564 Mas de las Matas, Teruel &#8211; 97884970 &#8211; libreria@cazarabet.com<br \/>\nLIBRER\u00cdA LOS PORTADORES DE SUE\u00d1OS &#8211; c\/ Jer\u00f3nimo Blancas, 4-6 &#8211; 50001 Zaragoza &#8211; 976 225255 &#8211; libreria@losportadoresdesuenos.com<\/p>\n<p><strong>NAVARRA<\/strong><\/p>\n<p>AUZOLAN LIBURUDENDA SL &#8211; c\/ Tudela 16 &#8211; 31003 Pamplona &#8211; 948153867 &#8211; auzolan@auzolan.com<\/p>\n<p><strong>GALICIA<\/strong><\/p>\n<p>DISTRIBUIDORA LA LIMA &#8211; C\/ Xares, 30 &#8211; 32365 A Veiga, Ourense &#8211; distribuidoralalima@gmail.com<\/p>\n","protected":false},"excerpt":{"rendered":"<p>Donde encontrar nuestros libros DISTRIBUIDORES TRAFICANTES DE SUE\u00d1OS &#8211; C\/Duque de Alba 13 Bajo, 28012 Madrid &#8211; 911 8577 73 distribuidora@traficantes.net Ixorai Llibres, S.L. Tel.: 93 436 16 73 Olzinelles, 5, interior, bajos 1.\u00aa 08014 Barcelona www.ixorai-llibres.comLAMALATESTA &#8211; C\/ Jes\u00fas y Mar\u00eda, 24, 28012, Madrid. &#8211; 915391007 &#8211;\u00a0 info@lamalatesta.net CAMBALACHE &#8211; c\/ Martinez Vigil, 30 &hellip; <a href=\"https:\/\/www.queimadaediciones.es\/index.php\/distribuidores\/\" class=\"more-link\">Sigue leyendo <span class=\"screen-reader-text\">Distribuidores<\/span><\/a><\/p>\n","protected":false},"author":1,"featured_media":0,"parent":0,"menu_order":0,"comment_status":"closed","ping_status":"closed","template":"","meta":{"footnotes":""},"_links":{"self":[{"href":"https:\/\/www.queimadaediciones.es\/index.php\/wp-json\/wp\/v2\/pages\/53"}],"collection":[{"href":"https:\/\/www.queimadaediciones.es\/index.php\/wp-json\/wp\/v2\/pages"}],"about":[{"href":"https:\/\/www.queimadaediciones.es\/index.php\/wp-json\/wp\/v2\/types\/page"}],"author":[{"embeddable":true,"href":"https:\/\/www.queimadaediciones.es\/index.php\/wp-json\/wp\/v2\/users\/1"}],"replies":[{"embeddable":true,"href":"https:\/\/www.queimadaediciones.es\/index.php\/wp-json\/wp\/v2\/comments?post=53"}],"version-history":[{"count":5,"href":"https:\/\/www.queimadaediciones.es\/index.php\/wp-json\/wp\/v2\/pages\/53\/revisions"}],"predecessor-version":[{"id":94,"href":"https:\/\/www.queimadaediciones.es\/index.php\/wp-json\/wp\/v2\/pages\/53\/revisions\/94"}],"wp:attachment":[{"href":"https:\/\/www.queimadaediciones.es\/index.php\/wp-json\/wp\/v2\/media?parent=53"}],"curies":[{"name":"wp","href":"https:\/\/api.w.org\/{rel}","templated":true}]}}